{"id":502,"date":"2025-01-08T10:45:28","date_gmt":"2025-01-08T10:45:28","guid":{"rendered":"https:\/\/xn--cruzyrubio-19a.es\/?page_id=502"},"modified":"2025-01-08T10:50:03","modified_gmt":"2025-01-08T10:50:03","slug":"accesibilidad","status":"publish","type":"page","link":"https:\/\/xn--cruzyrubio-19a.es\/en\/accesibilidad\/","title":{"rendered":"Declaraci\u00f3n de accesibilidad"},"content":{"rendered":"\n<p>cruzyrubi\u00f1o.es web ostentada por la empresa PANADERIA Y PASTELERIA CRUZ Y RUBI\u00d1O S.L. se ha comprometido a hacer accesible su sitio web, de conformidad con el&nbsp;<a href=\"http:\/\/www.boe.es\/diario_boe\/txt.php?id=BOE-A-2018-12699\"><strong>Real Decreto 1112\/2018, de 7 de septiembre<\/strong><\/a>, sobre accesibilidad de los sitios web y aplicaciones para dispositivos m\u00f3viles.<\/p>\n\n\n\n<p>La presente declaraci\u00f3n de accesibilidad se aplica al sitio web: https:\/\/cruzyrubi\u00f1o.es<\/p>\n\n\n\n<h2 class=\"wp-block-heading\" style=\"font-size:30px\">Situaci\u00f3n de cumplimiento<\/h2>\n\n\n\n<p>Este sitio web es parcialmente conforme con el&nbsp;<strong><a href=\"http:\/\/www.boe.es\/diario_boe\/txt.php?id=BOE-A-2018-12699\">RD 1112\/2018<\/a><\/strong>&nbsp;debido a las excepciones y a la falta de conformidad de los aspectos que se indican en el siguiente punto.<\/p>\n\n\n\n<h2 class=\"wp-block-heading\" style=\"font-size:30px\">Contenido no accesible<\/h2>\n\n\n\n<p>El contenido que se recoge a continuaci\u00f3n no es accesible por lo siguiente:<\/p>\n\n\n\n<ul class=\"wp-block-list\">\n<li>Falta de conformidad con el RD 1112\/2018<\/li>\n<\/ul>\n\n\n\n<p>Podr\u00edan existir algunos aspectos de contraste que no cumplan los m\u00ednimos exigidos, 3:1, con respecto a los colores adyacentes del fondo de la secci\u00f3n de la web en cuesti\u00f3n. [9.1.4.11 Contraste no textual]<\/p>\n\n\n\n<p>Podr\u00edan existir algunos elementos no textuales no etiquetados correctamente [2.5.3 Etiqueta en el nombre] y [4.1.2 Nombre funci\u00f3n y valor]<\/p>\n\n\n\n<p>Los buscadores buscan autom\u00e1ticamente sin necesidad de ordenar ninguna acci\u00f3n por parte del usuario [3.2.2 Al recibir entradas]<\/p>\n\n\n\n<p>Podr\u00edan existir algunos textos en otro idioma no etiquetados correctamente [3.1.2 Idioma de las partes]<\/p>\n\n\n\n<p>Podr\u00edan existir errores de c\u00f3digo puntuales de edici\u00f3n en alguna p\u00e1gina web. [4.1.1 Procesamiento]<\/p>\n\n\n\n<ul class=\"wp-block-list\">\n<li>Carga desproporcionada<\/li>\n<\/ul>\n\n\n\n<p>No aplica.<\/p>\n\n\n\n<ul class=\"wp-block-list\">\n<li>El contenido no entra dentro del \u00e1mbito de la legislaci\u00f3n aplicable<\/li>\n<\/ul>\n\n\n\n<p>Podr\u00edan existir archivos ofim\u00e1ticos en PDF u otros formatos publicados antes del 20 de septiembre de 2018 que no cumplan en su totalidad todos los requisitos de accesibilidad. Aunque se ha procurado que la mayor\u00eda de ellos s\u00ed lo cumplan.<\/p>\n\n\n\n<h2 class=\"wp-block-heading\" style=\"font-size:30px\">Preparaci\u00f3n de la declaraci\u00f3n de accesibilidad<\/h2>\n\n\n\n<p>La presente declaraci\u00f3n fue preparada el 02 de Febrero de 2023.<\/p>\n\n\n\n<p>El m\u00e9todo empleado para preparar la declaraci\u00f3n ha sido una autoevaluaci\u00f3n llevada a cabo por Centromipc.<\/p>\n\n\n\n<h2 class=\"wp-block-heading\" style=\"font-size:30px\">Observaciones y datos de contacto<\/h2>\n\n\n\n<p>Puede realizar comunicaciones sobre requisitos de accesibilidad (articulo 10.2.a del RD 1112\/2018) como por ejemplo:<\/p>\n\n\n\n<ul class=\"wp-block-list\">\n<li>Informar sobre cualquier posible incumplimiento por parte de este sitio web<\/li>\n\n\n\n<li>Transmitir otras dificultades de acceso al contenido<\/li>\n\n\n\n<li>Formular cualquier otra consulta o sugerencia de mejora relativa a la accesibilidad del sitio web<\/li>\n<\/ul>\n\n\n\n<p>A trav\u00e9s del&nbsp;formulario de contacto&nbsp;de este sitio web o a trav\u00e9s del n\u00famero de tel\u00e9fono (+34) 958 623 065<\/p>\n\n\n\n<p>Puede presentar:<\/p>\n\n\n\n<ul class=\"wp-block-list\">\n<li><strong>Queja&nbsp;<\/strong>relativa al cumplimiento de los requisitos del RD 1112\/2018 o<\/li>\n\n\n\n<li><strong>Solicitud de Informaci\u00f3n accesible<\/strong>&nbsp;relativa a:<\/li>\n<\/ul>\n\n\n\n<p>Contenidos&nbsp;que est\u00e1n&nbsp;excluidos&nbsp;del&nbsp;\u00e1mbito de aplicaci\u00f3n&nbsp;del RD 1112\/2018 seg\u00fan lo establecido por el art\u00edculo 3, apartado 4<\/p>\n\n\n\n<p>Contenidos&nbsp;que est\u00e1n&nbsp;exentos&nbsp;del&nbsp;cumplimiento&nbsp;de los requisitos de accesibilidad por imponer una&nbsp;carga desproporcionada.<\/p>\n\n\n\n<p>En la Solicitud de informaci\u00f3n accesible, se debe concretar, con toda claridad, los hechos, razones y petici\u00f3n que permitan constatar que se trata de una solicitud razonable y leg\u00edtima.<\/p>\n\n\n\n<h2 class=\"wp-block-heading\" style=\"font-size:30px\">Procedimiento y reclamaciones<\/h2>\n\n\n\n<p>Si una vez realizada una solicitud de informaci\u00f3n accesible o queja, \u00e9sta hubiera sido desestimada, no se estuviera de acuerdo con la decisi\u00f3n adoptada, o la respuesta no cumpliera los requisitos contemplados en el art\u00edculo 12.5, la persona interesada podr\u00e1 iniciar una reclamaci\u00f3n. Igualmente se podr\u00e1 iniciar una reclamaci\u00f3n en el caso de que haya transcurrido el plazo de veinte d\u00edas h\u00e1biles sin haber obtenido respuesta.<\/p>\n\n\n\n<h2 class=\"wp-block-heading\" style=\"font-size:30px\">Medidas adoptadas en materia de accesibilidad<\/h2>\n\n\n\n<p>Como parte de nuestro compromiso de brindar un servicio igualitario a todos los clientes y usuarios, se tomaron las siguientes medidas (entre varias otras) para hacer que nuestro sitio web principal sea m\u00e1s accesible:<\/p>\n\n\n\n<ul class=\"wp-block-list\">\n<li><strong>Navegadores est\u00e1ndar<\/strong>&nbsp;: nuestro sitio web es compatible con navegadores est\u00e1ndar y populares (como Chrome, Firefox, Edge, Safari), en su \u00faltima versi\u00f3n.<\/li>\n\n\n\n<li><strong>Ampliaci\u00f3n de la visualizaci\u00f3n del sitio web<\/strong>&nbsp;: los usuarios que deseen ampliar la visualizaci\u00f3n del sitio pueden hacerlo presionando simult\u00e1neamente las teclas \u00abCtrl\u00bb y \u00ab+\u00bb (Control y M\u00e1s, o Comando y M\u00e1s si el usuario usa macOS);&nbsp;Cada clic en estas teclas ampliar\u00e1 la pantalla en un 10%;&nbsp;Para reducir el tama\u00f1o de la pantalla, presione \u00abCtrl\u00bb y \u00ab-\u00bb (Control y Menos) simult\u00e1neamente.<\/li>\n\n\n\n<li><strong>Navegaci\u00f3n con teclado<\/strong>&nbsp;: nuestros usuarios pueden navegar por el sitio usando un teclado: al presionar repetidamente la tecla Tabulador, se mover\u00e1 entre los diversos enlaces de la p\u00e1gina.&nbsp;Al presionar \u00abEnter\u00bb se iniciar\u00e1 el enlace seleccionado.<\/li>\n\n\n\n<li><strong>Tecnolog\u00eda de gesti\u00f3n de contenido<\/strong>: Toda la web esta gestionada a trav\u00e9s de WordPress. WordPress intenta hacer que la administraci\u00f3n y los temas pre-instalados cumplan el est\u00e1ndar WCAG 2.0 AA donde sea posible. M\u00e1s informaci\u00f3n en:&nbsp;<a href=\"https:\/\/es.wordpress.org\/about\/accessibility\/\"><strong>https:\/\/es.wordpress.org\/about\/accessibility\/<\/strong><\/a>. cruzyrubi\u00f1o.es esta construida con el tema Astra, el cual&nbsp;<a href=\"https:\/\/wpastra.com\/\"><strong>es accesible y sigue los est\u00e1ndares WCAG 2.0<\/strong><\/a>.<\/li>\n\n\n\n<li><strong>Herramientas de adaptaci\u00f3n de contenido:<\/strong>&nbsp;Se ha a\u00f1adido una funcionalidad especifica dirigida a personas con diversidad funcional a trav\u00e9s de la instalaci\u00f3n de una barra de herramientas que permite adaptar ciertos par\u00e1metros a las necesidades del usuario: aumentar\/disminuir texto, establecer escala de grises, modificaci\u00f3n del contraste e incluso modificaci\u00f3n de la fuente.<\/li>\n<\/ul>\n","protected":false},"excerpt":{"rendered":"<p>cruzyrubi\u00f1o.es web ostentada por la empresa PANADERIA Y PASTELERIA CRUZ Y RUBI\u00d1O S.L. se ha comprometido a hacer accesible su [&hellip;]<\/p>\n","protected":false},"author":1,"featured_media":0,"parent":0,"menu_order":0,"comment_status":"closed","ping_status":"closed","template":"","meta":{"site-sidebar-layout":"default","site-content-layout":"","ast-site-content-layout":"default","site-content-style":"default","site-sidebar-style":"default","ast-global-header-display":"","ast-banner-title-visibility":"","ast-main-header-display":"","ast-hfb-above-header-display":"","ast-hfb-below-header-display":"","ast-hfb-mobile-header-display":"","site-post-title":"","ast-breadcrumbs-content":"","ast-featured-img":"","footer-sml-layout":"","ast-disable-related-posts":"","theme-transparent-header-meta":"","adv-header-id-meta":"","stick-header-meta":"","header-above-stick-meta":"","header-main-stick-meta":"","header-below-stick-meta":"","astra-migrate-meta-layouts":"default","ast-page-background-enabled":"default","ast-page-background-meta":{"desktop":{"background-color":"var(--ast-global-color-4)","background-image":"","background-repeat":"repeat","background-position":"center center","background-size":"auto","background-attachment":"scroll","background-type":"","background-media":"","overlay-type":"","overlay-color":"","overlay-opacity":"","overlay-gradient":""},"tablet":{"background-color":"","background-image":"","background-repeat":"repeat","background-position":"center center","background-size":"auto","background-attachment":"scroll","background-type":"","background-media":"","overlay-type":"","overlay-color":"","overlay-opacity":"","overlay-gradient":""},"mobile":{"background-color":"","background-image":"","background-repeat":"repeat","background-position":"center center","background-size":"auto","background-attachment":"scroll","background-type":"","background-media":"","overlay-type":"","overlay-color":"","overlay-opacity":"","overlay-gradient":""}},"ast-content-background-meta":{"desktop":{"background-color":"var(--ast-global-color-5)","background-image":"","background-repeat":"repeat","background-position":"center center","background-size":"auto","background-attachment":"scroll","background-type":"","background-media":"","overlay-type":"","overlay-color":"","overlay-opacity":"","overlay-gradient":""},"tablet":{"background-color":"var(--ast-global-color-5)","background-image":"","background-repeat":"repeat","background-position":"center center","background-size":"auto","background-attachment":"scroll","background-type":"","background-media":"","overlay-type":"","overlay-color":"","overlay-opacity":"","overlay-gradient":""},"mobile":{"background-color":"var(--ast-global-color-5)","background-image":"","background-repeat":"repeat","background-position":"center center","background-size":"auto","background-attachment":"scroll","background-type":"","background-media":"","overlay-type":"","overlay-color":"","overlay-opacity":"","overlay-gradient":""}},"footnotes":""},"class_list":["post-502","page","type-page","status-publish","hentry"],"yoast_head":"<!-- This site is optimized with the Yoast SEO plugin v27.3 - https:\/\/yoast.com\/product\/yoast-seo-wordpress\/ -->\n<title>Declaraci\u00f3n de accesibilidad - Panaderia Cruz y Rubi\u00f1o<\/title>\n<meta name=\"robots\" content=\"noindex, nofollow\" \/>\n<meta property=\"og:locale\" content=\"en_GB\" \/>\n<meta property=\"og:type\" content=\"article\" \/>\n<meta property=\"og:title\" content=\"Declaraci\u00f3n de accesibilidad - Panaderia Cruz y Rubi\u00f1o\" \/>\n<meta property=\"og:description\" content=\"cruzyrubi\u00f1o.es web ostentada por la empresa PANADERIA Y PASTELERIA CRUZ Y RUBI\u00d1O S.L. se ha comprometido a hacer accesible su [&hellip;]\" \/>\n<meta property=\"og:url\" content=\"https:\/\/xn--cruzyrubio-19a.es\/en\/accesibilidad\/\" \/>\n<meta property=\"og:site_name\" content=\"Panaderia Cruz y Rubi\u00f1o\" \/>\n<meta property=\"article:modified_time\" content=\"2025-01-08T10:50:03+00:00\" \/>\n<meta name=\"twitter:card\" content=\"summary_large_image\" \/>\n<meta name=\"twitter:label1\" content=\"Estimated reading time\" \/>\n\t<meta name=\"twitter:data1\" content=\"4 minutes\" \/>\n<script type=\"application\/ld+json\" class=\"yoast-schema-graph\">{\"@context\":\"https:\\\/\\\/schema.org\",\"@graph\":[{\"@type\":\"WebPage\",\"@id\":\"https:\\\/\\\/xn--cruzyrubio-19a.es\\\/accesibilidad\\\/\",\"url\":\"https:\\\/\\\/xn--cruzyrubio-19a.es\\\/accesibilidad\\\/\",\"name\":\"Declaraci\u00f3n de accesibilidad - Panaderia Cruz y Rubi\u00f1o\",\"isPartOf\":{\"@id\":\"https:\\\/\\\/xn--cruzyrubio-19a.es\\\/#website\"},\"datePublished\":\"2025-01-08T10:45:28+00:00\",\"dateModified\":\"2025-01-08T10:50:03+00:00\",\"breadcrumb\":{\"@id\":\"https:\\\/\\\/xn--cruzyrubio-19a.es\\\/accesibilidad\\\/#breadcrumb\"},\"inLanguage\":\"en-GB\",\"potentialAction\":[{\"@type\":\"ReadAction\",\"target\":[\"https:\\\/\\\/xn--cruzyrubio-19a.es\\\/accesibilidad\\\/\"]}]},{\"@type\":\"BreadcrumbList\",\"@id\":\"https:\\\/\\\/xn--cruzyrubio-19a.es\\\/accesibilidad\\\/#breadcrumb\",\"itemListElement\":[{\"@type\":\"ListItem\",\"position\":1,\"name\":\"Portada\",\"item\":\"https:\\\/\\\/xn--cruzyrubio-19a.es\\\/\"},{\"@type\":\"ListItem\",\"position\":2,\"name\":\"Declaraci\u00f3n de accesibilidad\"}]},{\"@type\":\"WebSite\",\"@id\":\"https:\\\/\\\/xn--cruzyrubio-19a.es\\\/#website\",\"url\":\"https:\\\/\\\/xn--cruzyrubio-19a.es\\\/\",\"name\":\"Panaderia Cruz y Rubi\u00f1o\",\"description\":\"Panederia - Pasleteria J. Cruz\",\"potentialAction\":[{\"@type\":\"SearchAction\",\"target\":{\"@type\":\"EntryPoint\",\"urlTemplate\":\"https:\\\/\\\/xn--cruzyrubio-19a.es\\\/?s={search_term_string}\"},\"query-input\":{\"@type\":\"PropertyValueSpecification\",\"valueRequired\":true,\"valueName\":\"search_term_string\"}}],\"inLanguage\":\"en-GB\"}]}<\/script>\n<!-- \/ Yoast SEO plugin. -->","yoast_head_json":{"title":"Declaraci\u00f3n de accesibilidad - Panaderia Cruz y Rubi\u00f1o","robots":{"index":"noindex","follow":"nofollow"},"og_locale":"en_GB","og_type":"article","og_title":"Declaraci\u00f3n de accesibilidad - Panaderia Cruz y Rubi\u00f1o","og_description":"cruzyrubi\u00f1o.es web ostentada por la empresa PANADERIA Y PASTELERIA CRUZ Y RUBI\u00d1O S.L. se ha comprometido a hacer accesible su [&hellip;]","og_url":"https:\/\/xn--cruzyrubio-19a.es\/en\/accesibilidad\/","og_site_name":"Panaderia Cruz y Rubi\u00f1o","article_modified_time":"2025-01-08T10:50:03+00:00","twitter_card":"summary_large_image","twitter_misc":{"Estimated reading time":"4 minutes"},"schema":{"@context":"https:\/\/schema.org","@graph":[{"@type":"WebPage","@id":"https:\/\/xn--cruzyrubio-19a.es\/accesibilidad\/","url":"https:\/\/xn--cruzyrubio-19a.es\/accesibilidad\/","name":"Declaraci\u00f3n de accesibilidad - Panaderia Cruz y Rubi\u00f1o","isPartOf":{"@id":"https:\/\/xn--cruzyrubio-19a.es\/#website"},"datePublished":"2025-01-08T10:45:28+00:00","dateModified":"2025-01-08T10:50:03+00:00","breadcrumb":{"@id":"https:\/\/xn--cruzyrubio-19a.es\/accesibilidad\/#breadcrumb"},"inLanguage":"en-GB","potentialAction":[{"@type":"ReadAction","target":["https:\/\/xn--cruzyrubio-19a.es\/accesibilidad\/"]}]},{"@type":"BreadcrumbList","@id":"https:\/\/xn--cruzyrubio-19a.es\/accesibilidad\/#breadcrumb","itemListElement":[{"@type":"ListItem","position":1,"name":"Portada","item":"https:\/\/xn--cruzyrubio-19a.es\/"},{"@type":"ListItem","position":2,"name":"Declaraci\u00f3n de accesibilidad"}]},{"@type":"WebSite","@id":"https:\/\/xn--cruzyrubio-19a.es\/#website","url":"https:\/\/xn--cruzyrubio-19a.es\/","name":"Panaderia Cruz y Rubi\u00f1o","description":"Panederia - Pasleteria J. Cruz","potentialAction":[{"@type":"SearchAction","target":{"@type":"EntryPoint","urlTemplate":"https:\/\/xn--cruzyrubio-19a.es\/?s={search_term_string}"},"query-input":{"@type":"PropertyValueSpecification","valueRequired":true,"valueName":"search_term_string"}}],"inLanguage":"en-GB"}]}},"_links":{"self":[{"href":"https:\/\/xn--cruzyrubio-19a.es\/en\/wp-json\/wp\/v2\/pages\/502","targetHints":{"allow":["GET"]}}],"collection":[{"href":"https:\/\/xn--cruzyrubio-19a.es\/en\/wp-json\/wp\/v2\/pages"}],"about":[{"href":"https:\/\/xn--cruzyrubio-19a.es\/en\/wp-json\/wp\/v2\/types\/page"}],"author":[{"embeddable":true,"href":"https:\/\/xn--cruzyrubio-19a.es\/en\/wp-json\/wp\/v2\/users\/1"}],"replies":[{"embeddable":true,"href":"https:\/\/xn--cruzyrubio-19a.es\/en\/wp-json\/wp\/v2\/comments?post=502"}],"version-history":[{"count":0,"href":"https:\/\/xn--cruzyrubio-19a.es\/en\/wp-json\/wp\/v2\/pages\/502\/revisions"}],"wp:attachment":[{"href":"https:\/\/xn--cruzyrubio-19a.es\/en\/wp-json\/wp\/v2\/media?parent=502"}],"curies":[{"name":"wp","href":"https:\/\/api.w.org\/{rel}","templated":true}]}}